{"id":470,"date":"2017-04-07T12:59:05","date_gmt":"2017-04-07T10:59:05","guid":{"rendered":"http:\/\/schumacher-architektur.de\/wordpress\/?page_id=470"},"modified":"2017-04-10T11:15:27","modified_gmt":"2017-04-10T09:15:27","slug":"projektmanagement","status":"publish","type":"page","link":"https:\/\/schumacher-architektur.de\/en\/projektmanagement\/","title":{"rendered":"(Deutsch) projektmanagement"},"content":{"rendered":"<div id=\"pl-470\"  class=\"panel-layout\" ><div id=\"pg-470-0\"  class=\"panel-grid panel-no-style\" ><div id=\"pgc-470-0-0\"  class=\"panel-grid-cell\" ><div id=\"panel-470-0-0-0\" class=\"so-panel widget widget_text panel-first-child panel-last-child\" data-index=\"0\" >\t\t\t<div class=\"textwidget\"><p>die komplexit\u00e4t von bauprojekten erfordert immer h\u00e4ufiger den einsatz eines modernen projektmanagements. dieses umfasst die kl\u00e4rung der aufgabenstellung, die gliederung des projektes sowie die steuerung eines bauvorhabens von der planung \u00fcber die ausf\u00fchrung bis hin zur fertigstellung. die rechtlichen, wirtschaftlichen, technischen und \u00f6kologischen randbedingungen sind hierbei zu ber\u00fccksichtigen. das b\u00fcro schumacher architektur unterst\u00fctzt sie bei der realisierung ihres bauvorhabens durch ein professionelles projektmanagement. in diesem zusammenhang bieten wir ihnen folgende leistungen in den projektstufen vorbereitung, strukturierung, planung, durchf\u00fchrung und abschluss an:<\/p>\n<p>- festlegung von zielen, abl\u00e4ufen und phasen (projektorganisation, projektbeschreibung)<br \/>\n- strukturierung \/ gliederung des projekts<br \/>\n- vertragsmanagement<br \/>\n- terminsteuerung<br \/>\n- kostensteuerung<br \/>\n- qualit\u00e4ts- und ergebniskontrolle<\/p>\n<p>information und dokumentation die f\u00fcr ihr projekt erforderlichen leistungen k\u00f6nnen individuell auf die projektbed\u00fcrfnisse zugeschnitten werden.<\/p>\n<\/div>\n\t\t<\/div><\/div><div id=\"pgc-470-0-1\"  class=\"panel-grid-cell\" ><div id=\"panel-470-0-1-0\" class=\"so-panel widget widget_nav_menu panel-first-child\" data-index=\"1\" ><h3 class=\"widget-title\">leistungen_g\u00f6tz<\/h3><\/div><div id=\"panel-470-0-1-1\" class=\"so-panel widget widget_text panel-last-child\" data-index=\"2\" >\t\t\t<div class=\"textwidget\"><a href=\"https:\/\/schumacher-architektur.de\/wordpress\/neubau-umbaumassnahmen\/\">zu den leistungen_petra<\/a><\/div>\n\t\t<\/div><\/div><\/div><div id=\"pg-470-1\"  class=\"panel-grid panel-no-style\" ><div id=\"pgc-470-1-0\"  class=\"panel-grid-cell panel-grid-cell-empty panel-grid-cell-mobile-last\" ><\/div><div id=\"pgc-470-1-1\"  class=\"panel-grid-cell panel-grid-cell-empty\" ><\/div><\/div><div id=\"pg-470-2\"  class=\"panel-grid panel-no-style\" ><div id=\"pgc-470-2-0\"  class=\"panel-grid-cell panel-grid-cell-empty panel-grid-cell-mobile-last\" ><\/div><div id=\"pgc-470-2-1\"  class=\"panel-grid-cell panel-grid-cell-empty\" ><\/div><\/div><div id=\"pg-470-3\"  class=\"panel-grid panel-no-style\" ><div id=\"pgc-470-3-0\"  class=\"panel-grid-cell panel-grid-cell-empty panel-grid-cell-mobile-last\" ><\/div><div id=\"pgc-470-3-1\"  class=\"panel-grid-cell panel-grid-cell-empty\" ><\/div><\/div><\/div>","protected":false},"excerpt":{"rendered":"<p>die komplexit\u00e4t von bauprojekten erfordert immer h\u00e4ufiger den einsatz eines modernen projektmanagements. dieses umfasst die kl\u00e4rung der aufgabenstellung, die gliederung des projektes sowie die steuerung eines bauvorhabens von der planung \u00fcber die ausf\u00fchrung bis hin zur fertigstellung. die rechtlichen, wirtschaftlichen, technischen und \u00f6kologischen randbedingungen sind hierbei zu ber\u00fccksichtigen. das b\u00fcro schumacher architektur unterst\u00fctzt sie bei [&hellip;]<\/p>\n","protected":false},"author":1,"featured_media":0,"parent":0,"menu_order":0,"comment_status":"closed","ping_status":"closed","template":"","meta":[],"yoast_head":"<!-- This site is optimized with the Yoast SEO plugin v20.8 - https:\/\/yoast.com\/wordpress\/plugins\/seo\/ -->\n<title>(Deutsch) projektmanagement - schumacher architektur<\/title>\n<meta name=\"robots\" content=\"index, follow, max-snippet:-1, max-image-preview:large, max-video-preview:-1\" \/>\n<link rel=\"canonical\" href=\"https:\/\/schumacher-architektur.de\/projektmanagement\/\" \/>\n<meta property=\"og:locale\" content=\"en_US\" \/>\n<meta property=\"og:type\" content=\"article\" \/>\n<meta property=\"og:title\" content=\"(Deutsch) projektmanagement - schumacher architektur\" \/>\n<meta property=\"og:description\" content=\"die komplexit\u00e4t von bauprojekten erfordert immer h\u00e4ufiger den einsatz eines modernen projektmanagements. dieses umfasst die kl\u00e4rung der aufgabenstellung, die gliederung des projektes sowie die steuerung eines bauvorhabens von der planung \u00fcber die ausf\u00fchrung bis hin zur fertigstellung. die rechtlichen, wirtschaftlichen, technischen und \u00f6kologischen randbedingungen sind hierbei zu ber\u00fccksichtigen. das b\u00fcro schumacher architektur unterst\u00fctzt sie bei [&hellip;]\" \/>\n<meta property=\"og:url\" content=\"https:\/\/schumacher-architektur.de\/projektmanagement\/\" \/>\n<meta property=\"og:site_name\" content=\"schumacher architektur\" \/>\n<meta property=\"article:modified_time\" content=\"2017-04-10T09:15:27+00:00\" \/>\n<meta name=\"twitter:card\" content=\"summary_large_image\" \/>\n<script type=\"application\/ld+json\" class=\"yoast-schema-graph\">{\"@context\":\"https:\/\/schema.org\",\"@graph\":[{\"@type\":\"WebPage\",\"@id\":\"https:\/\/schumacher-architektur.de\/projektmanagement\/\",\"url\":\"https:\/\/schumacher-architektur.de\/projektmanagement\/\",\"name\":\"(Deutsch) projektmanagement - schumacher architektur\",\"isPartOf\":{\"@id\":\"\/#website\"},\"datePublished\":\"2017-04-07T10:59:05+00:00\",\"dateModified\":\"2017-04-10T09:15:27+00:00\",\"breadcrumb\":{\"@id\":\"https:\/\/schumacher-architektur.de\/projektmanagement\/#breadcrumb\"},\"inLanguage\":\"en-US\",\"potentialAction\":[{\"@type\":\"ReadAction\",\"target\":[\"https:\/\/schumacher-architektur.de\/projektmanagement\/\"]}]},{\"@type\":\"BreadcrumbList\",\"@id\":\"https:\/\/schumacher-architektur.de\/projektmanagement\/#breadcrumb\",\"itemListElement\":[{\"@type\":\"ListItem\",\"position\":1,\"name\":\"Startseite\",\"item\":\"https:\/\/schumacher-architektur.de\/\"},{\"@type\":\"ListItem\",\"position\":2,\"name\":\"projektmanagement\"}]},{\"@type\":\"WebSite\",\"@id\":\"\/#website\",\"url\":\"\/\",\"name\":\"schumacher architektur\",\"description\":\"\",\"potentialAction\":[{\"@type\":\"SearchAction\",\"target\":{\"@type\":\"EntryPoint\",\"urlTemplate\":\"\/?s={search_term_string}\"},\"query-input\":\"required name=search_term_string\"}],\"inLanguage\":\"en-US\"}]}<\/script>\n<!-- \/ Yoast SEO plugin. -->","yoast_head_json":{"title":"(Deutsch) projektmanagement - schumacher architektur","robots":{"index":"index","follow":"follow","max-snippet":"max-snippet:-1","max-image-preview":"max-image-preview:large","max-video-preview":"max-video-preview:-1"},"canonical":"https:\/\/schumacher-architektur.de\/projektmanagement\/","og_locale":"en_US","og_type":"article","og_title":"(Deutsch) projektmanagement - schumacher architektur","og_description":"die komplexit\u00e4t von bauprojekten erfordert immer h\u00e4ufiger den einsatz eines modernen projektmanagements. dieses umfasst die kl\u00e4rung der aufgabenstellung, die gliederung des projektes sowie die steuerung eines bauvorhabens von der planung \u00fcber die ausf\u00fchrung bis hin zur fertigstellung. die rechtlichen, wirtschaftlichen, technischen und \u00f6kologischen randbedingungen sind hierbei zu ber\u00fccksichtigen. das b\u00fcro schumacher architektur unterst\u00fctzt sie bei [&hellip;]","og_url":"https:\/\/schumacher-architektur.de\/projektmanagement\/","og_site_name":"schumacher architektur","article_modified_time":"2017-04-10T09:15:27+00:00","twitter_card":"summary_large_image","schema":{"@context":"https:\/\/schema.org","@graph":[{"@type":"WebPage","@id":"https:\/\/schumacher-architektur.de\/projektmanagement\/","url":"https:\/\/schumacher-architektur.de\/projektmanagement\/","name":"(Deutsch) projektmanagement - schumacher architektur","isPartOf":{"@id":"\/#website"},"datePublished":"2017-04-07T10:59:05+00:00","dateModified":"2017-04-10T09:15:27+00:00","breadcrumb":{"@id":"https:\/\/schumacher-architektur.de\/projektmanagement\/#breadcrumb"},"inLanguage":"en-US","potentialAction":[{"@type":"ReadAction","target":["https:\/\/schumacher-architektur.de\/projektmanagement\/"]}]},{"@type":"BreadcrumbList","@id":"https:\/\/schumacher-architektur.de\/projektmanagement\/#breadcrumb","itemListElement":[{"@type":"ListItem","position":1,"name":"Startseite","item":"https:\/\/schumacher-architektur.de\/"},{"@type":"ListItem","position":2,"name":"projektmanagement"}]},{"@type":"WebSite","@id":"\/#website","url":"\/","name":"schumacher architektur","description":"","potentialAction":[{"@type":"SearchAction","target":{"@type":"EntryPoint","urlTemplate":"\/?s={search_term_string}"},"query-input":"required name=search_term_string"}],"inLanguage":"en-US"}]}},"_links":{"self":[{"href":"https:\/\/schumacher-architektur.de\/en\/wp-json\/wp\/v2\/pages\/470"}],"collection":[{"href":"https:\/\/schumacher-architektur.de\/en\/wp-json\/wp\/v2\/pages"}],"about":[{"href":"https:\/\/schumacher-architektur.de\/en\/wp-json\/wp\/v2\/types\/page"}],"author":[{"embeddable":true,"href":"https:\/\/schumacher-architektur.de\/en\/wp-json\/wp\/v2\/users\/1"}],"replies":[{"embeddable":true,"href":"https:\/\/schumacher-architektur.de\/en\/wp-json\/wp\/v2\/comments?post=470"}],"version-history":[{"count":7,"href":"https:\/\/schumacher-architektur.de\/en\/wp-json\/wp\/v2\/pages\/470\/revisions"}],"predecessor-version":[{"id":643,"href":"https:\/\/schumacher-architektur.de\/en\/wp-json\/wp\/v2\/pages\/470\/revisions\/643"}],"wp:attachment":[{"href":"https:\/\/schumacher-architektur.de\/en\/wp-json\/wp\/v2\/media?parent=470"}],"curies":[{"name":"wp","href":"https:\/\/api.w.org\/{rel}","templated":true}]}}