{"id":472,"date":"2017-04-07T13:00:14","date_gmt":"2017-04-07T11:00:14","guid":{"rendered":"http:\/\/schumacher-architektur.de\/wordpress\/?page_id=472"},"modified":"2017-04-10T11:02:43","modified_gmt":"2017-04-10T09:02:43","slug":"immobilienwertermittlung","status":"publish","type":"page","link":"https:\/\/schumacher-architektur.de\/en\/immobilienwertermittlung\/","title":{"rendered":"(Deutsch) immobilienwertermittlung"},"content":{"rendered":"<div id=\"pl-472\"  class=\"panel-layout\" ><div id=\"pg-472-0\"  class=\"panel-grid panel-no-style\" ><div id=\"pgc-472-0-0\"  class=\"panel-grid-cell\" ><div id=\"panel-472-0-0-0\" class=\"so-panel widget widget_text panel-first-child panel-last-child\" data-index=\"0\" >\t\t\t<div class=\"textwidget\"><p>im rahmen der immobilienbewertung bietet das sachverst\u00e4ndigenb\u00fcro schumacher architektur folgende leistungen an:<br \/>\n- verkehrswertermittlung gem. \u00a7 194 BauGB<br \/>\n- beleihungswertermittlung gem. \u00a7 12 (1) HBG<br \/>\n- wertermittlung zum zweck der erbens- und verm\u00f6gensauseinandersetzung<br \/>\n- wertermittlung zum zweck der ermittlung von besteuerungsgrundlagen von immobilien<br \/>\n- wertermittlung im rahmen von zwangsversteigerungen<br \/>\n- wertermittlung im rahmen einer geplanten projektentwicklung<br \/>\n- wertermittlung zur erstellung von verm\u00f6gens\u00fcbersichten<br \/>\n- wertermittlung im zusammenhang mit anlagen erneuerbarer energien<br \/>\n- ermittlung der orts\u00fcblichen miete<\/p>\n<p>_ wertermittlungsobjekte _<\/p>\n<p>- bebaute und unbebaute grundst\u00fccke<br \/>\n- ein-, zwei- und mehrfamilienh\u00e4user<br \/>\n- eigentumswohnungen<br \/>\n- b\u00fcro- und gesch\u00e4ftsh\u00e4user<br \/>\n- landwirtschaftliche objekte<br \/>\n- anlagen erneuerbarer energien<br \/>\n- grundst\u00fccksgleiche rechte: erbbaurecht, wohnrecht, mi\u00dfbrauch, wegerecht u.a.<\/p>\n<p>_ auftraggeber _<\/p>\n<p>- privateigent\u00fcmer<br \/>\n- beh\u00f6rden und beh\u00f6rden\u00e4hnliche institutionen<br \/>\n- gerichte<br \/>\n- unternehmen<br \/>\n- kreditinstitute und versicherungen<br \/>\n- rechtsanw\u00e4lte und steuerberater<\/p>\n<\/div>\n\t\t<\/div><\/div><div id=\"pgc-472-0-1\"  class=\"panel-grid-cell\" ><div id=\"panel-472-0-1-0\" class=\"so-panel widget widget_nav_menu panel-first-child\" data-index=\"1\" ><h3 class=\"widget-title\">leistungen_g\u00f6tz<\/h3><\/div><div id=\"panel-472-0-1-1\" class=\"so-panel widget widget_text panel-last-child\" data-index=\"2\" >\t\t\t<div class=\"textwidget\"><a href=\"https:\/\/schumacher-architektur.de\/wordpress\/neubau-umbaumassnahmen\/\">zu den leistungen_petra<\/a><\/div>\n\t\t<\/div><\/div><\/div><\/div>","protected":false},"excerpt":{"rendered":"<p>im rahmen der immobilienbewertung bietet das sachverst\u00e4ndigenb\u00fcro schumacher architektur folgende leistungen an: &#8211; verkehrswertermittlung gem. \u00a7 194 BauGB &#8211; beleihungswertermittlung gem. \u00a7 12 (1) HBG &#8211; wertermittlung zum zweck der erbens- und verm\u00f6gensauseinandersetzung &#8211; wertermittlung zum zweck der ermittlung von besteuerungsgrundlagen von immobilien &#8211; wertermittlung im rahmen von zwangsversteigerungen &#8211; wertermittlung im rahmen einer geplanten [&hellip;]<\/p>\n","protected":false},"author":1,"featured_media":0,"parent":0,"menu_order":0,"comment_status":"closed","ping_status":"closed","template":"","meta":[],"yoast_head":"<!-- This site is optimized with the Yoast SEO plugin v20.8 - https:\/\/yoast.com\/wordpress\/plugins\/seo\/ -->\n<title>(Deutsch) immobilienwertermittlung - schumacher architektur<\/title>\n<meta name=\"robots\" content=\"index, follow, max-snippet:-1, max-image-preview:large, max-video-preview:-1\" \/>\n<link rel=\"canonical\" href=\"https:\/\/schumacher-architektur.de\/immobilienwertermittlung\/\" \/>\n<meta property=\"og:locale\" content=\"en_US\" \/>\n<meta property=\"og:type\" content=\"article\" \/>\n<meta property=\"og:title\" content=\"(Deutsch) immobilienwertermittlung - schumacher architektur\" \/>\n<meta property=\"og:description\" content=\"im rahmen der immobilienbewertung bietet das sachverst\u00e4ndigenb\u00fcro schumacher architektur folgende leistungen an: - verkehrswertermittlung gem. \u00a7 194 BauGB - beleihungswertermittlung gem. \u00a7 12 (1) HBG - wertermittlung zum zweck der erbens- und verm\u00f6gensauseinandersetzung - wertermittlung zum zweck der ermittlung von besteuerungsgrundlagen von immobilien - wertermittlung im rahmen von zwangsversteigerungen - wertermittlung im rahmen einer geplanten [&hellip;]\" \/>\n<meta property=\"og:url\" content=\"https:\/\/schumacher-architektur.de\/immobilienwertermittlung\/\" \/>\n<meta property=\"og:site_name\" content=\"schumacher architektur\" \/>\n<meta property=\"article:modified_time\" content=\"2017-04-10T09:02:43+00:00\" \/>\n<meta name=\"twitter:card\" content=\"summary_large_image\" \/>\n<script type=\"application\/ld+json\" class=\"yoast-schema-graph\">{\"@context\":\"https:\/\/schema.org\",\"@graph\":[{\"@type\":\"WebPage\",\"@id\":\"https:\/\/schumacher-architektur.de\/immobilienwertermittlung\/\",\"url\":\"https:\/\/schumacher-architektur.de\/immobilienwertermittlung\/\",\"name\":\"(Deutsch) immobilienwertermittlung - schumacher architektur\",\"isPartOf\":{\"@id\":\"\/#website\"},\"datePublished\":\"2017-04-07T11:00:14+00:00\",\"dateModified\":\"2017-04-10T09:02:43+00:00\",\"breadcrumb\":{\"@id\":\"https:\/\/schumacher-architektur.de\/immobilienwertermittlung\/#breadcrumb\"},\"inLanguage\":\"en-US\",\"potentialAction\":[{\"@type\":\"ReadAction\",\"target\":[\"https:\/\/schumacher-architektur.de\/immobilienwertermittlung\/\"]}]},{\"@type\":\"BreadcrumbList\",\"@id\":\"https:\/\/schumacher-architektur.de\/immobilienwertermittlung\/#breadcrumb\",\"itemListElement\":[{\"@type\":\"ListItem\",\"position\":1,\"name\":\"Startseite\",\"item\":\"https:\/\/schumacher-architektur.de\/\"},{\"@type\":\"ListItem\",\"position\":2,\"name\":\"immobilienwertermittlung\"}]},{\"@type\":\"WebSite\",\"@id\":\"\/#website\",\"url\":\"\/\",\"name\":\"schumacher architektur\",\"description\":\"\",\"potentialAction\":[{\"@type\":\"SearchAction\",\"target\":{\"@type\":\"EntryPoint\",\"urlTemplate\":\"\/?s={search_term_string}\"},\"query-input\":\"required name=search_term_string\"}],\"inLanguage\":\"en-US\"}]}<\/script>\n<!-- \/ Yoast SEO plugin. -->","yoast_head_json":{"title":"(Deutsch) immobilienwertermittlung - schumacher architektur","robots":{"index":"index","follow":"follow","max-snippet":"max-snippet:-1","max-image-preview":"max-image-preview:large","max-video-preview":"max-video-preview:-1"},"canonical":"https:\/\/schumacher-architektur.de\/immobilienwertermittlung\/","og_locale":"en_US","og_type":"article","og_title":"(Deutsch) immobilienwertermittlung - schumacher architektur","og_description":"im rahmen der immobilienbewertung bietet das sachverst\u00e4ndigenb\u00fcro schumacher architektur folgende leistungen an: - verkehrswertermittlung gem. \u00a7 194 BauGB - beleihungswertermittlung gem. \u00a7 12 (1) HBG - wertermittlung zum zweck der erbens- und verm\u00f6gensauseinandersetzung - wertermittlung zum zweck der ermittlung von besteuerungsgrundlagen von immobilien - wertermittlung im rahmen von zwangsversteigerungen - wertermittlung im rahmen einer geplanten [&hellip;]","og_url":"https:\/\/schumacher-architektur.de\/immobilienwertermittlung\/","og_site_name":"schumacher architektur","article_modified_time":"2017-04-10T09:02:43+00:00","twitter_card":"summary_large_image","schema":{"@context":"https:\/\/schema.org","@graph":[{"@type":"WebPage","@id":"https:\/\/schumacher-architektur.de\/immobilienwertermittlung\/","url":"https:\/\/schumacher-architektur.de\/immobilienwertermittlung\/","name":"(Deutsch) immobilienwertermittlung - schumacher architektur","isPartOf":{"@id":"\/#website"},"datePublished":"2017-04-07T11:00:14+00:00","dateModified":"2017-04-10T09:02:43+00:00","breadcrumb":{"@id":"https:\/\/schumacher-architektur.de\/immobilienwertermittlung\/#breadcrumb"},"inLanguage":"en-US","potentialAction":[{"@type":"ReadAction","target":["https:\/\/schumacher-architektur.de\/immobilienwertermittlung\/"]}]},{"@type":"BreadcrumbList","@id":"https:\/\/schumacher-architektur.de\/immobilienwertermittlung\/#breadcrumb","itemListElement":[{"@type":"ListItem","position":1,"name":"Startseite","item":"https:\/\/schumacher-architektur.de\/"},{"@type":"ListItem","position":2,"name":"immobilienwertermittlung"}]},{"@type":"WebSite","@id":"\/#website","url":"\/","name":"schumacher architektur","description":"","potentialAction":[{"@type":"SearchAction","target":{"@type":"EntryPoint","urlTemplate":"\/?s={search_term_string}"},"query-input":"required name=search_term_string"}],"inLanguage":"en-US"}]}},"_links":{"self":[{"href":"https:\/\/schumacher-architektur.de\/en\/wp-json\/wp\/v2\/pages\/472"}],"collection":[{"href":"https:\/\/schumacher-architektur.de\/en\/wp-json\/wp\/v2\/pages"}],"about":[{"href":"https:\/\/schumacher-architektur.de\/en\/wp-json\/wp\/v2\/types\/page"}],"author":[{"embeddable":true,"href":"https:\/\/schumacher-architektur.de\/en\/wp-json\/wp\/v2\/users\/1"}],"replies":[{"embeddable":true,"href":"https:\/\/schumacher-architektur.de\/en\/wp-json\/wp\/v2\/comments?post=472"}],"version-history":[{"count":10,"href":"https:\/\/schumacher-architektur.de\/en\/wp-json\/wp\/v2\/pages\/472\/revisions"}],"predecessor-version":[{"id":639,"href":"https:\/\/schumacher-architektur.de\/en\/wp-json\/wp\/v2\/pages\/472\/revisions\/639"}],"wp:attachment":[{"href":"https:\/\/schumacher-architektur.de\/en\/wp-json\/wp\/v2\/media?parent=472"}],"curies":[{"name":"wp","href":"https:\/\/api.w.org\/{rel}","templated":true}]}}