{"id":474,"date":"2017-04-07T13:00:40","date_gmt":"2017-04-07T11:00:40","guid":{"rendered":"http:\/\/schumacher-architektur.de\/wordpress\/?page_id=474"},"modified":"2017-04-10T11:02:00","modified_gmt":"2017-04-10T09:02:00","slug":"honorargutachten","status":"publish","type":"page","link":"https:\/\/schumacher-architektur.de\/en\/honorargutachten\/","title":{"rendered":"(Deutsch) honorargutachten"},"content":{"rendered":"<div id=\"pl-474\"  class=\"panel-layout\" ><div id=\"pg-474-0\"  class=\"panel-grid panel-no-style\" ><div id=\"pgc-474-0-0\"  class=\"panel-grid-cell\" ><div id=\"panel-474-0-0-0\" class=\"so-panel widget widget_text panel-first-child panel-last-child\" data-index=\"0\" >\t\t\t<div class=\"textwidget\"><p>als sachverst\u00e4ndigenb\u00fcro bietet schumacher architektur in diesem zusammenhang folgende leistungen an:<br \/>\n- beratung von auftraggebern und auftragnehmern in allen HOAI fragen<br \/>\n- unterst\u00fctzung bei der erstellung von honorarangeboten<br \/>\n- unterst\u00fctzung bei der erstellung pr\u00fcff\u00e4higer schlussrechnungen<br \/>\n- pr\u00fcfung von schlussrechnungen<br \/>\n- abrechnung bei vertragsk\u00fcndigung<br \/>\n- bewertung von teilleistungen<br \/>\n- ermittlung oder \u00fcberpr\u00fcfung von honorarzonen<br \/>\n- ermittlung der anrechenbaren kosten nach DIN 276<br \/>\n- ermittlung des umbau- bzw. modernisierungszuschlages<br \/>\n- \u00fcberpr\u00fcfung von kostenberechnungen<br \/>\n- projektbegleitendes honorarmanagement<\/p>\n<p>_ auftraggeber _<\/p>\n<p>- architektur- und ingenieurb\u00fcros<br \/>\n- privateigent\u00fcmer<br \/>\n- beh\u00f6rden und beh\u00f6rden\u00e4hnliche institutionen<br \/>\n- wohnungsbaugesellschaften<br \/>\n- projektentwicklungsgesellschaften<br \/>\n- gerichte<br \/>\n- hausverwaltungen<br \/>\n- rechtsanw\u00e4lte und steuerberater<\/p>\n<\/div>\n\t\t<\/div><\/div><div id=\"pgc-474-0-1\"  class=\"panel-grid-cell\" ><div id=\"panel-474-0-1-0\" class=\"so-panel widget widget_nav_menu panel-first-child\" data-index=\"1\" ><h3 class=\"widget-title\">leistungen_g\u00f6tz<\/h3><\/div><div id=\"panel-474-0-1-1\" class=\"so-panel widget widget_text panel-last-child\" data-index=\"2\" >\t\t\t<div class=\"textwidget\"><a href=\"https:\/\/schumacher-architektur.de\/wordpress\/neubau-umbaumassnahmen\/\">zu den leistungen_petra<\/a><\/div>\n\t\t<\/div><\/div><\/div><div id=\"pg-474-1\"  class=\"panel-grid panel-no-style\" ><div id=\"pgc-474-1-0\"  class=\"panel-grid-cell panel-grid-cell-empty panel-grid-cell-mobile-last\" ><\/div><div id=\"pgc-474-1-1\"  class=\"panel-grid-cell panel-grid-cell-empty\" ><\/div><\/div><\/div>","protected":false},"excerpt":{"rendered":"<p>als sachverst\u00e4ndigenb\u00fcro bietet schumacher architektur in diesem zusammenhang folgende leistungen an: &#8211; beratung von auftraggebern und auftragnehmern in allen HOAI fragen &#8211; unterst\u00fctzung bei der erstellung von honorarangeboten &#8211; unterst\u00fctzung bei der erstellung pr\u00fcff\u00e4higer schlussrechnungen &#8211; pr\u00fcfung von schlussrechnungen &#8211; abrechnung bei vertragsk\u00fcndigung &#8211; bewertung von teilleistungen &#8211; ermittlung oder \u00fcberpr\u00fcfung von honorarzonen &#8211; ermittlung [&hellip;]<\/p>\n","protected":false},"author":1,"featured_media":0,"parent":0,"menu_order":0,"comment_status":"closed","ping_status":"closed","template":"","meta":[],"yoast_head":"<!-- This site is optimized with the Yoast SEO plugin v20.8 - https:\/\/yoast.com\/wordpress\/plugins\/seo\/ -->\n<title>(Deutsch) honorargutachten - schumacher architektur<\/title>\n<meta name=\"robots\" content=\"index, follow, max-snippet:-1, max-image-preview:large, max-video-preview:-1\" \/>\n<link rel=\"canonical\" href=\"https:\/\/schumacher-architektur.de\/honorargutachten\/\" \/>\n<meta property=\"og:locale\" content=\"en_US\" \/>\n<meta property=\"og:type\" content=\"article\" \/>\n<meta property=\"og:title\" content=\"(Deutsch) honorargutachten - schumacher architektur\" \/>\n<meta property=\"og:description\" content=\"als sachverst\u00e4ndigenb\u00fcro bietet schumacher architektur in diesem zusammenhang folgende leistungen an: - beratung von auftraggebern und auftragnehmern in allen HOAI fragen - unterst\u00fctzung bei der erstellung von honorarangeboten - unterst\u00fctzung bei der erstellung pr\u00fcff\u00e4higer schlussrechnungen - pr\u00fcfung von schlussrechnungen - abrechnung bei vertragsk\u00fcndigung - bewertung von teilleistungen - ermittlung oder \u00fcberpr\u00fcfung von honorarzonen - ermittlung [&hellip;]\" \/>\n<meta property=\"og:url\" content=\"https:\/\/schumacher-architektur.de\/honorargutachten\/\" \/>\n<meta property=\"og:site_name\" content=\"schumacher architektur\" \/>\n<meta property=\"article:modified_time\" content=\"2017-04-10T09:02:00+00:00\" \/>\n<meta name=\"twitter:card\" content=\"summary_large_image\" \/>\n<script type=\"application\/ld+json\" class=\"yoast-schema-graph\">{\"@context\":\"https:\/\/schema.org\",\"@graph\":[{\"@type\":\"WebPage\",\"@id\":\"https:\/\/schumacher-architektur.de\/honorargutachten\/\",\"url\":\"https:\/\/schumacher-architektur.de\/honorargutachten\/\",\"name\":\"(Deutsch) honorargutachten - schumacher architektur\",\"isPartOf\":{\"@id\":\"\/#website\"},\"datePublished\":\"2017-04-07T11:00:40+00:00\",\"dateModified\":\"2017-04-10T09:02:00+00:00\",\"breadcrumb\":{\"@id\":\"https:\/\/schumacher-architektur.de\/honorargutachten\/#breadcrumb\"},\"inLanguage\":\"en-US\",\"potentialAction\":[{\"@type\":\"ReadAction\",\"target\":[\"https:\/\/schumacher-architektur.de\/honorargutachten\/\"]}]},{\"@type\":\"BreadcrumbList\",\"@id\":\"https:\/\/schumacher-architektur.de\/honorargutachten\/#breadcrumb\",\"itemListElement\":[{\"@type\":\"ListItem\",\"position\":1,\"name\":\"Startseite\",\"item\":\"https:\/\/schumacher-architektur.de\/\"},{\"@type\":\"ListItem\",\"position\":2,\"name\":\"honorargutachten\"}]},{\"@type\":\"WebSite\",\"@id\":\"\/#website\",\"url\":\"\/\",\"name\":\"schumacher architektur\",\"description\":\"\",\"potentialAction\":[{\"@type\":\"SearchAction\",\"target\":{\"@type\":\"EntryPoint\",\"urlTemplate\":\"\/?s={search_term_string}\"},\"query-input\":\"required name=search_term_string\"}],\"inLanguage\":\"en-US\"}]}<\/script>\n<!-- \/ Yoast SEO plugin. -->","yoast_head_json":{"title":"(Deutsch) honorargutachten - schumacher architektur","robots":{"index":"index","follow":"follow","max-snippet":"max-snippet:-1","max-image-preview":"max-image-preview:large","max-video-preview":"max-video-preview:-1"},"canonical":"https:\/\/schumacher-architektur.de\/honorargutachten\/","og_locale":"en_US","og_type":"article","og_title":"(Deutsch) honorargutachten - schumacher architektur","og_description":"als sachverst\u00e4ndigenb\u00fcro bietet schumacher architektur in diesem zusammenhang folgende leistungen an: - beratung von auftraggebern und auftragnehmern in allen HOAI fragen - unterst\u00fctzung bei der erstellung von honorarangeboten - unterst\u00fctzung bei der erstellung pr\u00fcff\u00e4higer schlussrechnungen - pr\u00fcfung von schlussrechnungen - abrechnung bei vertragsk\u00fcndigung - bewertung von teilleistungen - ermittlung oder \u00fcberpr\u00fcfung von honorarzonen - ermittlung [&hellip;]","og_url":"https:\/\/schumacher-architektur.de\/honorargutachten\/","og_site_name":"schumacher architektur","article_modified_time":"2017-04-10T09:02:00+00:00","twitter_card":"summary_large_image","schema":{"@context":"https:\/\/schema.org","@graph":[{"@type":"WebPage","@id":"https:\/\/schumacher-architektur.de\/honorargutachten\/","url":"https:\/\/schumacher-architektur.de\/honorargutachten\/","name":"(Deutsch) honorargutachten - schumacher architektur","isPartOf":{"@id":"\/#website"},"datePublished":"2017-04-07T11:00:40+00:00","dateModified":"2017-04-10T09:02:00+00:00","breadcrumb":{"@id":"https:\/\/schumacher-architektur.de\/honorargutachten\/#breadcrumb"},"inLanguage":"en-US","potentialAction":[{"@type":"ReadAction","target":["https:\/\/schumacher-architektur.de\/honorargutachten\/"]}]},{"@type":"BreadcrumbList","@id":"https:\/\/schumacher-architektur.de\/honorargutachten\/#breadcrumb","itemListElement":[{"@type":"ListItem","position":1,"name":"Startseite","item":"https:\/\/schumacher-architektur.de\/"},{"@type":"ListItem","position":2,"name":"honorargutachten"}]},{"@type":"WebSite","@id":"\/#website","url":"\/","name":"schumacher architektur","description":"","potentialAction":[{"@type":"SearchAction","target":{"@type":"EntryPoint","urlTemplate":"\/?s={search_term_string}"},"query-input":"required name=search_term_string"}],"inLanguage":"en-US"}]}},"_links":{"self":[{"href":"https:\/\/schumacher-architektur.de\/en\/wp-json\/wp\/v2\/pages\/474"}],"collection":[{"href":"https:\/\/schumacher-architektur.de\/en\/wp-json\/wp\/v2\/pages"}],"about":[{"href":"https:\/\/schumacher-architektur.de\/en\/wp-json\/wp\/v2\/types\/page"}],"author":[{"embeddable":true,"href":"https:\/\/schumacher-architektur.de\/en\/wp-json\/wp\/v2\/users\/1"}],"replies":[{"embeddable":true,"href":"https:\/\/schumacher-architektur.de\/en\/wp-json\/wp\/v2\/comments?post=474"}],"version-history":[{"count":8,"href":"https:\/\/schumacher-architektur.de\/en\/wp-json\/wp\/v2\/pages\/474\/revisions"}],"predecessor-version":[{"id":638,"href":"https:\/\/schumacher-architektur.de\/en\/wp-json\/wp\/v2\/pages\/474\/revisions\/638"}],"wp:attachment":[{"href":"https:\/\/schumacher-architektur.de\/en\/wp-json\/wp\/v2\/media?parent=474"}],"curies":[{"name":"wp","href":"https:\/\/api.w.org\/{rel}","templated":true}]}}