{"id":476,"date":"2017-04-07T13:03:57","date_gmt":"2017-04-07T11:03:57","guid":{"rendered":"http:\/\/schumacher-architektur.de\/wordpress\/?page_id=476"},"modified":"2017-04-10T11:13:47","modified_gmt":"2017-04-10T09:13:47","slug":"mediation","status":"publish","type":"page","link":"https:\/\/schumacher-architektur.de\/en\/mediation\/","title":{"rendered":"(Deutsch) mediation"},"content":{"rendered":"<div id=\"pl-476\"  class=\"panel-layout\" ><div id=\"pg-476-0\"  class=\"panel-grid panel-no-style\" ><div id=\"pgc-476-0-0\"  class=\"panel-grid-cell\" ><div id=\"panel-476-0-0-0\" class=\"so-panel widget widget_text panel-first-child panel-last-child\" data-index=\"0\" >\t\t\t<div class=\"textwidget\"><p>mediation ist ein vertrauliches und strukturiertes verfahren, bei dem die parteien mithilfe eines mediators, freiwillig und eigenverantwortlich, eine einvernehmliche beilegung ihres konfliktes anstreben. im gegensatz zum gerichtlichen verfahren, liegt das ergebnis der mediation in den h\u00e4nden der beteiligten parteien. kein richter entscheidet sondern allein die beteiligten.<\/p>\n<p>ziel der mediation ist es, faire und interessengerechte l\u00f6sungen zu erarbeiten, die von allen beteiligten getragen werden und in der zukunft bestand haben. dieses ziel wird dadurch erreicht, dass die konfliktparteien im verlauf des verfahrens unter anleitung des mediators miteinander kommunizieren, selbstst\u00e4ndig und eigenverantwortlich mit ihrem konflikt umgehen, um letztlich nach kreativen l\u00f6sungsm\u00f6glichkeiten zu forschen und diese umzusetzen.<\/p>\n<p>die st\u00e4rken der mediation zeigen sich besonders in der erhaltung und verbesserung von langfristig angelegten beziehungen oder gesch\u00e4ftlichen kontakten. die konzentration auf gemeinsame interessen, erm\u00f6glicht eine neue perspektive auf vermeintlich festgefahrene beziehungsstrukturen. gew\u00f6hnlich finden sich die konfliktparteien an einem tisch zusammen. m\u00f6glich sind auch die folgenden formen: online-mediation und shuttle- mediation. <\/p>\n<p>warum mediation?<br \/>\n- pers\u00f6nliche beziehungen werden verbessert<br \/>\n- psychische belastungen werden vermieden oder reduziert<br \/>\n- die f\u00e4higkeit, konflikte eigenst\u00e4ndig zu l\u00f6sen, wird gest\u00e4rkt<br \/>\n- mediation bietet raum f\u00fcr kreative und individuelle l\u00f6sungen<br \/>\n- mediation f\u00f6rdert eine friedliche und produktive form des umgangs<br \/>\n- konflikte werden zeitnah und schnell bearbeitet<br \/>\n- das preis-\/leistungsverh\u00e4ltnis ist g\u00fcnstig<\/p>\n<p>wie verl\u00e4uft eine mediation?<br \/>\ndie rahmenbedingungen f\u00fcr mediationsverfahren hat der gesetzgeber im sommer 2012 im mediationsgesetz (MediationsG) geregelt. ein mediationsverfahren durchl\u00e4uft in der regel mehrere phasen: <\/p>\n<p>vorbereitungsphase<br \/>\n- initiative durch die streitparteien und einschaltung eines mediators<br \/>\n- gemeinsame er\u00f6rterung von sinn und zweck der mediation im konkreten einzelfall<br \/>\n- entwicklung und formulierung einer verbindlichen verfahrensordnung<\/p>\n<p>durchf\u00fchrungsphase<br \/>\n- offenlegung und sammlung, der dem konflikt zugrunde liegenden fakten<br \/>\n- erarbeitung der tats\u00e4chlichen interessen<br \/>\n- kreative ideensuche und entwicklung von l\u00f6sungsoptionen<\/p>\n<p>entscheidungs- und umsetzungsphase<br \/>\n- gemeinsame l\u00f6sung<br \/>\n- abschluss einer mediationsvereinbarung<br \/>\n- kl\u00e4rung der umsetzung<\/p>\n<p>anwendungsgebiete:<br \/>\nmediation wird heute in verschiedenen gesellschaftlichen bereichen erfolgreich angewandt. klassische einsatzgebiete der mediation sind u. a.:<\/p>\n<p>- mediation im famili\u00e4ren\/ nachbarschaftlichen umfeld<br \/>\n- mediation in erziehung und bildung<br \/>\n- arbeits- und wirtschaftsmediaton<br \/>\n- mediation im gesundheitsbereich<br \/>\n- mediation im strafrecht (t\u00e4ter-opfer-ausgleich)<br \/>\n- mediation im interkulturellen kontext<br \/>\n- mediation im \u00f6ffentlichen bereich<\/p>\n<\/div>\n\t\t<\/div><\/div><div id=\"pgc-476-0-1\"  class=\"panel-grid-cell\" ><div id=\"panel-476-0-1-0\" class=\"so-panel widget widget_nav_menu panel-first-child\" data-index=\"1\" ><h3 class=\"widget-title\">leistungen_g\u00f6tz<\/h3><\/div><div id=\"panel-476-0-1-1\" class=\"so-panel widget widget_text panel-last-child\" data-index=\"2\" >\t\t\t<div class=\"textwidget\"><a href=\"https:\/\/schumacher-architektur.de\/wordpress\/neubau-umbaumassnahmen\/\">zu den leistungen_petra<\/a><\/div>\n\t\t<\/div><\/div><\/div><\/div>","protected":false},"excerpt":{"rendered":"<p>mediation ist ein vertrauliches und strukturiertes verfahren, bei dem die parteien mithilfe eines mediators, freiwillig und eigenverantwortlich, eine einvernehmliche beilegung ihres konfliktes anstreben. im gegensatz zum gerichtlichen verfahren, liegt das ergebnis der mediation in den h\u00e4nden der beteiligten parteien. kein richter entscheidet sondern allein die beteiligten. ziel der mediation ist es, faire und interessengerechte l\u00f6sungen [&hellip;]<\/p>\n","protected":false},"author":1,"featured_media":0,"parent":0,"menu_order":0,"comment_status":"closed","ping_status":"closed","template":"","meta":[],"yoast_head":"<!-- This site is optimized with the Yoast SEO plugin v20.8 - https:\/\/yoast.com\/wordpress\/plugins\/seo\/ -->\n<title>(Deutsch) mediation - schumacher architektur<\/title>\n<meta name=\"robots\" content=\"index, follow, max-snippet:-1, max-image-preview:large, max-video-preview:-1\" \/>\n<link rel=\"canonical\" href=\"https:\/\/schumacher-architektur.de\/mediation\/\" \/>\n<meta property=\"og:locale\" content=\"en_US\" \/>\n<meta property=\"og:type\" content=\"article\" \/>\n<meta property=\"og:title\" content=\"(Deutsch) mediation - schumacher architektur\" \/>\n<meta property=\"og:description\" content=\"mediation ist ein vertrauliches und strukturiertes verfahren, bei dem die parteien mithilfe eines mediators, freiwillig und eigenverantwortlich, eine einvernehmliche beilegung ihres konfliktes anstreben. im gegensatz zum gerichtlichen verfahren, liegt das ergebnis der mediation in den h\u00e4nden der beteiligten parteien. kein richter entscheidet sondern allein die beteiligten. ziel der mediation ist es, faire und interessengerechte l\u00f6sungen [&hellip;]\" \/>\n<meta property=\"og:url\" content=\"https:\/\/schumacher-architektur.de\/mediation\/\" \/>\n<meta property=\"og:site_name\" content=\"schumacher architektur\" \/>\n<meta property=\"article:modified_time\" content=\"2017-04-10T09:13:47+00:00\" \/>\n<meta name=\"twitter:card\" content=\"summary_large_image\" \/>\n<script type=\"application\/ld+json\" class=\"yoast-schema-graph\">{\"@context\":\"https:\/\/schema.org\",\"@graph\":[{\"@type\":\"WebPage\",\"@id\":\"https:\/\/schumacher-architektur.de\/mediation\/\",\"url\":\"https:\/\/schumacher-architektur.de\/mediation\/\",\"name\":\"(Deutsch) mediation - schumacher architektur\",\"isPartOf\":{\"@id\":\"\/#website\"},\"datePublished\":\"2017-04-07T11:03:57+00:00\",\"dateModified\":\"2017-04-10T09:13:47+00:00\",\"breadcrumb\":{\"@id\":\"https:\/\/schumacher-architektur.de\/mediation\/#breadcrumb\"},\"inLanguage\":\"en-US\",\"potentialAction\":[{\"@type\":\"ReadAction\",\"target\":[\"https:\/\/schumacher-architektur.de\/mediation\/\"]}]},{\"@type\":\"BreadcrumbList\",\"@id\":\"https:\/\/schumacher-architektur.de\/mediation\/#breadcrumb\",\"itemListElement\":[{\"@type\":\"ListItem\",\"position\":1,\"name\":\"Startseite\",\"item\":\"https:\/\/schumacher-architektur.de\/\"},{\"@type\":\"ListItem\",\"position\":2,\"name\":\"mediation\"}]},{\"@type\":\"WebSite\",\"@id\":\"\/#website\",\"url\":\"\/\",\"name\":\"schumacher architektur\",\"description\":\"\",\"potentialAction\":[{\"@type\":\"SearchAction\",\"target\":{\"@type\":\"EntryPoint\",\"urlTemplate\":\"\/?s={search_term_string}\"},\"query-input\":\"required name=search_term_string\"}],\"inLanguage\":\"en-US\"}]}<\/script>\n<!-- \/ Yoast SEO plugin. -->","yoast_head_json":{"title":"(Deutsch) mediation - schumacher architektur","robots":{"index":"index","follow":"follow","max-snippet":"max-snippet:-1","max-image-preview":"max-image-preview:large","max-video-preview":"max-video-preview:-1"},"canonical":"https:\/\/schumacher-architektur.de\/mediation\/","og_locale":"en_US","og_type":"article","og_title":"(Deutsch) mediation - schumacher architektur","og_description":"mediation ist ein vertrauliches und strukturiertes verfahren, bei dem die parteien mithilfe eines mediators, freiwillig und eigenverantwortlich, eine einvernehmliche beilegung ihres konfliktes anstreben. im gegensatz zum gerichtlichen verfahren, liegt das ergebnis der mediation in den h\u00e4nden der beteiligten parteien. kein richter entscheidet sondern allein die beteiligten. ziel der mediation ist es, faire und interessengerechte l\u00f6sungen [&hellip;]","og_url":"https:\/\/schumacher-architektur.de\/mediation\/","og_site_name":"schumacher architektur","article_modified_time":"2017-04-10T09:13:47+00:00","twitter_card":"summary_large_image","schema":{"@context":"https:\/\/schema.org","@graph":[{"@type":"WebPage","@id":"https:\/\/schumacher-architektur.de\/mediation\/","url":"https:\/\/schumacher-architektur.de\/mediation\/","name":"(Deutsch) mediation - schumacher architektur","isPartOf":{"@id":"\/#website"},"datePublished":"2017-04-07T11:03:57+00:00","dateModified":"2017-04-10T09:13:47+00:00","breadcrumb":{"@id":"https:\/\/schumacher-architektur.de\/mediation\/#breadcrumb"},"inLanguage":"en-US","potentialAction":[{"@type":"ReadAction","target":["https:\/\/schumacher-architektur.de\/mediation\/"]}]},{"@type":"BreadcrumbList","@id":"https:\/\/schumacher-architektur.de\/mediation\/#breadcrumb","itemListElement":[{"@type":"ListItem","position":1,"name":"Startseite","item":"https:\/\/schumacher-architektur.de\/"},{"@type":"ListItem","position":2,"name":"mediation"}]},{"@type":"WebSite","@id":"\/#website","url":"\/","name":"schumacher architektur","description":"","potentialAction":[{"@type":"SearchAction","target":{"@type":"EntryPoint","urlTemplate":"\/?s={search_term_string}"},"query-input":"required name=search_term_string"}],"inLanguage":"en-US"}]}},"_links":{"self":[{"href":"https:\/\/schumacher-architektur.de\/en\/wp-json\/wp\/v2\/pages\/476"}],"collection":[{"href":"https:\/\/schumacher-architektur.de\/en\/wp-json\/wp\/v2\/pages"}],"about":[{"href":"https:\/\/schumacher-architektur.de\/en\/wp-json\/wp\/v2\/types\/page"}],"author":[{"embeddable":true,"href":"https:\/\/schumacher-architektur.de\/en\/wp-json\/wp\/v2\/users\/1"}],"replies":[{"embeddable":true,"href":"https:\/\/schumacher-architektur.de\/en\/wp-json\/wp\/v2\/comments?post=476"}],"version-history":[{"count":9,"href":"https:\/\/schumacher-architektur.de\/en\/wp-json\/wp\/v2\/pages\/476\/revisions"}],"predecessor-version":[{"id":641,"href":"https:\/\/schumacher-architektur.de\/en\/wp-json\/wp\/v2\/pages\/476\/revisions\/641"}],"wp:attachment":[{"href":"https:\/\/schumacher-architektur.de\/en\/wp-json\/wp\/v2\/media?parent=476"}],"curies":[{"name":"wp","href":"https:\/\/api.w.org\/{rel}","templated":true}]}}