{"id":511,"date":"2017-04-07T13:32:24","date_gmt":"2017-04-07T11:32:24","guid":{"rendered":"http:\/\/schumacher-architektur.de\/wordpress\/?page_id=511"},"modified":"2023-02-18T14:54:44","modified_gmt":"2023-02-18T13:54:44","slug":"bestandsaufnahme","status":"publish","type":"page","link":"https:\/\/schumacher-architektur.de\/en\/bestandsaufnahme\/","title":{"rendered":"(Deutsch) bestandsaufnahme"},"content":{"rendered":"<div id=\"pl-511\"  class=\"panel-layout\" ><div id=\"pg-511-0\"  class=\"panel-grid panel-no-style\" ><div id=\"pgc-511-0-0\"  class=\"panel-grid-cell\" ><div id=\"panel-511-0-0-0\" class=\"so-panel widget widget_text panel-first-child\" data-index=\"0\" >\t\t\t<div class=\"textwidget\"><p>grundlage f\u00fcr das planen \/ bauen im bestand sowie die berechnung des mietwertes <\/p>\n<p>f\u00fcr das planen und bauen im bestand fertigen wir aufma\u00dfe und bestandsaufnahmen von geb\u00e4uden und au\u00dfenanlagen mit anschlie\u00dfender zeichnerischer darstellung und fl\u00e4chenberechnung \u2013 in unterschiedlichen detaillierungsstufen \u2013 an. diese dienen dann als basis f\u00fcr weitere planungsschritte f\u00fcr um- \/ anbau und sanierung. die ausarbeitung ist dem jeweiligen weiteren verwendungszweck entsprechend detailliert angepasst. bereits bestehende geb\u00e4udedarstellungen k\u00f6nnen digital zum austausch im rahmen einer weiteren planerischen bearbeitung aufbereitet werden. <\/p>\n<p>die mittels lasermessung aufgenommenen daten werden ebenfalls zur beurteilung und zum nachweis von vermietbarer fl\u00e4che bei wohn- und gewerbemietobjekten im zusammenhang mit gutachten und rechtlichen vorg\u00e4ngen zur beratung und unterst\u00fctzung von mietern sowie eigent\u00fcmern ausgewertet.<\/p>\n<\/div>\n\t\t<\/div><div id=\"panel-511-0-0-1\" class=\"so-panel widget widget_text panel-last-child\" data-index=\"1\" >\t\t\t<div class=\"textwidget\"><style type=\"text\/css\">\r\n\t#foogallery-gallery-625 .fg-image {\r\n        width: 150px;\r\n    }\r\n<\/style>\r\n\t\t\t\t<div class=\"foogallery foogallery-container foogallery-default foogallery-lightbox-foobox fg-gutter-10 fg-center fg-default fg-light fg-border-thin fg-shadow-outline fg-loading-default fg-loaded-fade-in fg-caption-hover fg-hover-fade fg-hover-zoom fg-ready\" id=\"foogallery-gallery-625\" data-foogallery=\"{&quot;item&quot;:{&quot;showCaptionTitle&quot;:true,&quot;showCaptionDescription&quot;:true},&quot;lazy&quot;:true}\" >\r\n\t<div class=\"fg-item fg-type-image fg-idle\"><figure class=\"fg-item-inner\"><a href=\"https:\/\/schumacher-architektur.de\/wp-content\/uploads\/2017\/04\/1f4fc9c1.jpeg\" data-caption-title=\"grundriss\" data-attachment-id=\"626\" class=\"fg-thumb\"><span class=\"fg-image-wrap\"><img title=\"grundriss\" width=\"150\" height=\"150\" class=\"skip-lazy fg-image\" data-src-fg=\"https:\/\/schumacher-architektur.de\/wp-content\/uploads\/cache\/2017\/04\/1f4fc9c1\/1098975220.jpeg\" src=\"data:image\/svg+xml,%3Csvg%20xmlns%3D%22http%3A%2F%2Fwww.w3.org%2F2000%2Fsvg%22%20width%3D%22150%22%20height%3D%22150%22%20viewBox%3D%220%200%20150%20150%22%3E%3C%2Fsvg%3E\" loading=\"eager\"><\/span><span class=\"fg-image-overlay\"><\/span><\/a><figcaption class=\"fg-caption\"><div class=\"fg-caption-inner\"><div class=\"fg-caption-title\">grundriss<\/div><\/div><\/figcaption><\/figure><div class=\"fg-loader\"><\/div><\/div><div class=\"fg-item fg-type-image fg-idle\"><figure class=\"fg-item-inner\"><a href=\"https:\/\/schumacher-architektur.de\/wp-content\/uploads\/2017\/04\/9d410e4.jpeg\" data-caption-title=\"fl\u00e4chen\" data-attachment-id=\"627\" class=\"fg-thumb\"><span class=\"fg-image-wrap\"><img title=\"fl\u00e4chen\" width=\"150\" height=\"150\" class=\"skip-lazy fg-image\" data-src-fg=\"https:\/\/schumacher-architektur.de\/wp-content\/uploads\/cache\/2017\/04\/9d410e4\/1688499796.jpeg\" src=\"data:image\/svg+xml,%3Csvg%20xmlns%3D%22http%3A%2F%2Fwww.w3.org%2F2000%2Fsvg%22%20width%3D%22150%22%20height%3D%22150%22%20viewBox%3D%220%200%20150%20150%22%3E%3C%2Fsvg%3E\" loading=\"eager\"><\/span><span class=\"fg-image-overlay\"><\/span><\/a><figcaption class=\"fg-caption\"><div class=\"fg-caption-inner\"><div class=\"fg-caption-title\">fl\u00e4chen<\/div><\/div><\/figcaption><\/figure><div class=\"fg-loader\"><\/div><\/div><div class=\"fg-item fg-type-image fg-idle\"><figure class=\"fg-item-inner\"><a href=\"https:\/\/schumacher-architektur.de\/wp-content\/uploads\/2017\/04\/497c6bc.jpeg\" data-caption-title=\"ansicht\" data-attachment-id=\"628\" class=\"fg-thumb\"><span class=\"fg-image-wrap\"><img title=\"ansicht\" width=\"150\" height=\"150\" class=\"skip-lazy fg-image\" data-src-fg=\"https:\/\/schumacher-architektur.de\/wp-content\/uploads\/cache\/2017\/04\/497c6bc\/1395076146.jpeg\" src=\"data:image\/svg+xml,%3Csvg%20xmlns%3D%22http%3A%2F%2Fwww.w3.org%2F2000%2Fsvg%22%20width%3D%22150%22%20height%3D%22150%22%20viewBox%3D%220%200%20150%20150%22%3E%3C%2Fsvg%3E\" loading=\"eager\"><\/span><span class=\"fg-image-overlay\"><\/span><\/a><figcaption class=\"fg-caption\"><div class=\"fg-caption-inner\"><div class=\"fg-caption-title\">ansicht<\/div><\/div><\/figcaption><\/figure><div class=\"fg-loader\"><\/div><\/div><div class=\"fg-item fg-type-image fg-idle\"><figure class=\"fg-item-inner\"><a href=\"https:\/\/schumacher-architektur.de\/wp-content\/uploads\/2017\/04\/f0bcc8f-1.jpeg\" data-caption-title=\"grundriss\" data-attachment-id=\"629\" class=\"fg-thumb\"><span class=\"fg-image-wrap\"><img title=\"grundriss\" width=\"150\" height=\"150\" class=\"skip-lazy fg-image\" data-src-fg=\"https:\/\/schumacher-architektur.de\/wp-content\/uploads\/cache\/2017\/04\/f0bcc8f-1\/2177891411.jpeg\" src=\"data:image\/svg+xml,%3Csvg%20xmlns%3D%22http%3A%2F%2Fwww.w3.org%2F2000%2Fsvg%22%20width%3D%22150%22%20height%3D%22150%22%20viewBox%3D%220%200%20150%20150%22%3E%3C%2Fsvg%3E\" loading=\"eager\"><\/span><span class=\"fg-image-overlay\"><\/span><\/a><figcaption class=\"fg-caption\"><div class=\"fg-caption-inner\"><div class=\"fg-caption-title\">grundriss<\/div><\/div><\/figcaption><\/figure><div class=\"fg-loader\"><\/div><\/div><\/div>\r\n<\/div>\n\t\t<\/div><\/div><div id=\"pgc-511-0-1\"  class=\"panel-grid-cell\" ><div id=\"panel-511-0-1-0\" class=\"so-panel widget widget_nav_menu panel-first-child\" data-index=\"2\" ><h3 class=\"widget-title\">leistungen_petra<\/h3><\/div><div id=\"panel-511-0-1-1\" class=\"so-panel widget widget_text panel-last-child\" data-index=\"3\" >\t\t\t<div class=\"textwidget\"><a href=\"https:\/\/schumacher-architektur.de\/wordpress\/immobilienwertermittlung\/\">zu den leistungen_g\u00f6tz<\/a><\/div>\n\t\t<\/div><\/div><\/div><div id=\"pg-511-1\"  class=\"panel-grid panel-no-style\" ><div id=\"pgc-511-1-0\"  class=\"panel-grid-cell panel-grid-cell-empty panel-grid-cell-mobile-last\" ><\/div><div id=\"pgc-511-1-1\"  class=\"panel-grid-cell panel-grid-cell-empty\" ><\/div><\/div><div id=\"pg-511-2\"  class=\"panel-grid panel-no-style\" ><div id=\"pgc-511-2-0\"  class=\"panel-grid-cell panel-grid-cell-empty panel-grid-cell-mobile-last\" ><\/div><div id=\"pgc-511-2-1\"  class=\"panel-grid-cell panel-grid-cell-empty\" ><\/div><\/div><div id=\"pg-511-3\"  class=\"panel-grid panel-no-style\" ><div id=\"pgc-511-3-0\"  class=\"panel-grid-cell panel-grid-cell-empty panel-grid-cell-mobile-last\" ><\/div><div id=\"pgc-511-3-1\"  class=\"panel-grid-cell panel-grid-cell-empty\" ><\/div><\/div><\/div>","protected":false},"excerpt":{"rendered":"<p>grundlage f\u00fcr das planen \/ bauen im bestand sowie die berechnung des mietwertes f\u00fcr das planen und bauen im bestand fertigen wir aufma\u00dfe und bestandsaufnahmen von geb\u00e4uden und au\u00dfenanlagen mit anschlie\u00dfender zeichnerischer darstellung und fl\u00e4chenberechnung \u2013 in unterschiedlichen detaillierungsstufen \u2013 an. diese dienen dann als basis f\u00fcr weitere planungsschritte f\u00fcr um- \/ anbau und sanierung. [&hellip;]<\/p>\n","protected":false},"author":1,"featured_media":0,"parent":0,"menu_order":0,"comment_status":"closed","ping_status":"closed","template":"","meta":[],"yoast_head":"<!-- This site is optimized with the Yoast SEO plugin v20.8 - https:\/\/yoast.com\/wordpress\/plugins\/seo\/ -->\n<title>(Deutsch) bestandsaufnahme - schumacher architektur<\/title>\n<meta name=\"robots\" content=\"index, follow, max-snippet:-1, max-image-preview:large, max-video-preview:-1\" \/>\n<link rel=\"canonical\" href=\"https:\/\/schumacher-architektur.de\/bestandsaufnahme\/\" \/>\n<meta property=\"og:locale\" content=\"en_US\" \/>\n<meta property=\"og:type\" content=\"article\" \/>\n<meta property=\"og:title\" content=\"(Deutsch) bestandsaufnahme - schumacher architektur\" \/>\n<meta property=\"og:description\" content=\"grundlage f\u00fcr das planen \/ bauen im bestand sowie die berechnung des mietwertes f\u00fcr das planen und bauen im bestand fertigen wir aufma\u00dfe und bestandsaufnahmen von geb\u00e4uden und au\u00dfenanlagen mit anschlie\u00dfender zeichnerischer darstellung und fl\u00e4chenberechnung \u2013 in unterschiedlichen detaillierungsstufen \u2013 an. diese dienen dann als basis f\u00fcr weitere planungsschritte f\u00fcr um- \/ anbau und sanierung. [&hellip;]\" \/>\n<meta property=\"og:url\" content=\"https:\/\/schumacher-architektur.de\/bestandsaufnahme\/\" \/>\n<meta property=\"og:site_name\" content=\"schumacher architektur\" \/>\n<meta property=\"article:modified_time\" content=\"2023-02-18T13:54:44+00:00\" \/>\n<meta name=\"twitter:card\" content=\"summary_large_image\" \/>\n<script type=\"application\/ld+json\" class=\"yoast-schema-graph\">{\"@context\":\"https:\/\/schema.org\",\"@graph\":[{\"@type\":\"WebPage\",\"@id\":\"https:\/\/schumacher-architektur.de\/bestandsaufnahme\/\",\"url\":\"https:\/\/schumacher-architektur.de\/bestandsaufnahme\/\",\"name\":\"(Deutsch) bestandsaufnahme - schumacher architektur\",\"isPartOf\":{\"@id\":\"\/#website\"},\"datePublished\":\"2017-04-07T11:32:24+00:00\",\"dateModified\":\"2023-02-18T13:54:44+00:00\",\"breadcrumb\":{\"@id\":\"https:\/\/schumacher-architektur.de\/bestandsaufnahme\/#breadcrumb\"},\"inLanguage\":\"en-US\",\"potentialAction\":[{\"@type\":\"ReadAction\",\"target\":[\"https:\/\/schumacher-architektur.de\/bestandsaufnahme\/\"]}]},{\"@type\":\"BreadcrumbList\",\"@id\":\"https:\/\/schumacher-architektur.de\/bestandsaufnahme\/#breadcrumb\",\"itemListElement\":[{\"@type\":\"ListItem\",\"position\":1,\"name\":\"Startseite\",\"item\":\"https:\/\/schumacher-architektur.de\/\"},{\"@type\":\"ListItem\",\"position\":2,\"name\":\"bestandsaufnahme\"}]},{\"@type\":\"WebSite\",\"@id\":\"\/#website\",\"url\":\"\/\",\"name\":\"schumacher architektur\",\"description\":\"\",\"potentialAction\":[{\"@type\":\"SearchAction\",\"target\":{\"@type\":\"EntryPoint\",\"urlTemplate\":\"\/?s={search_term_string}\"},\"query-input\":\"required name=search_term_string\"}],\"inLanguage\":\"en-US\"}]}<\/script>\n<!-- \/ Yoast SEO plugin. -->","yoast_head_json":{"title":"(Deutsch) bestandsaufnahme - schumacher architektur","robots":{"index":"index","follow":"follow","max-snippet":"max-snippet:-1","max-image-preview":"max-image-preview:large","max-video-preview":"max-video-preview:-1"},"canonical":"https:\/\/schumacher-architektur.de\/bestandsaufnahme\/","og_locale":"en_US","og_type":"article","og_title":"(Deutsch) bestandsaufnahme - schumacher architektur","og_description":"grundlage f\u00fcr das planen \/ bauen im bestand sowie die berechnung des mietwertes f\u00fcr das planen und bauen im bestand fertigen wir aufma\u00dfe und bestandsaufnahmen von geb\u00e4uden und au\u00dfenanlagen mit anschlie\u00dfender zeichnerischer darstellung und fl\u00e4chenberechnung \u2013 in unterschiedlichen detaillierungsstufen \u2013 an. diese dienen dann als basis f\u00fcr weitere planungsschritte f\u00fcr um- \/ anbau und sanierung. [&hellip;]","og_url":"https:\/\/schumacher-architektur.de\/bestandsaufnahme\/","og_site_name":"schumacher architektur","article_modified_time":"2023-02-18T13:54:44+00:00","twitter_card":"summary_large_image","schema":{"@context":"https:\/\/schema.org","@graph":[{"@type":"WebPage","@id":"https:\/\/schumacher-architektur.de\/bestandsaufnahme\/","url":"https:\/\/schumacher-architektur.de\/bestandsaufnahme\/","name":"(Deutsch) bestandsaufnahme - schumacher architektur","isPartOf":{"@id":"\/#website"},"datePublished":"2017-04-07T11:32:24+00:00","dateModified":"2023-02-18T13:54:44+00:00","breadcrumb":{"@id":"https:\/\/schumacher-architektur.de\/bestandsaufnahme\/#breadcrumb"},"inLanguage":"en-US","potentialAction":[{"@type":"ReadAction","target":["https:\/\/schumacher-architektur.de\/bestandsaufnahme\/"]}]},{"@type":"BreadcrumbList","@id":"https:\/\/schumacher-architektur.de\/bestandsaufnahme\/#breadcrumb","itemListElement":[{"@type":"ListItem","position":1,"name":"Startseite","item":"https:\/\/schumacher-architektur.de\/"},{"@type":"ListItem","position":2,"name":"bestandsaufnahme"}]},{"@type":"WebSite","@id":"\/#website","url":"\/","name":"schumacher architektur","description":"","potentialAction":[{"@type":"SearchAction","target":{"@type":"EntryPoint","urlTemplate":"\/?s={search_term_string}"},"query-input":"required name=search_term_string"}],"inLanguage":"en-US"}]}},"_links":{"self":[{"href":"https:\/\/schumacher-architektur.de\/en\/wp-json\/wp\/v2\/pages\/511"}],"collection":[{"href":"https:\/\/schumacher-architektur.de\/en\/wp-json\/wp\/v2\/pages"}],"about":[{"href":"https:\/\/schumacher-architektur.de\/en\/wp-json\/wp\/v2\/types\/page"}],"author":[{"embeddable":true,"href":"https:\/\/schumacher-architektur.de\/en\/wp-json\/wp\/v2\/users\/1"}],"replies":[{"embeddable":true,"href":"https:\/\/schumacher-architektur.de\/en\/wp-json\/wp\/v2\/comments?post=511"}],"version-history":[{"count":9,"href":"https:\/\/schumacher-architektur.de\/en\/wp-json\/wp\/v2\/pages\/511\/revisions"}],"predecessor-version":[{"id":798,"href":"https:\/\/schumacher-architektur.de\/en\/wp-json\/wp\/v2\/pages\/511\/revisions\/798"}],"wp:attachment":[{"href":"https:\/\/schumacher-architektur.de\/en\/wp-json\/wp\/v2\/media?parent=511"}],"curies":[{"name":"wp","href":"https:\/\/api.w.org\/{rel}","templated":true}]}}