{"id":516,"date":"2017-04-07T13:35:42","date_gmt":"2017-04-07T11:35:42","guid":{"rendered":"http:\/\/schumacher-architektur.de\/wordpress\/?page_id=516"},"modified":"2017-04-12T08:49:08","modified_gmt":"2017-04-12T06:49:08","slug":"projektentwicklung","status":"publish","type":"page","link":"https:\/\/schumacher-architektur.de\/en\/projektentwicklung\/","title":{"rendered":"(Deutsch) projektentwicklung"},"content":{"rendered":"<div id=\"pl-516\"  class=\"panel-layout\" ><div id=\"pg-516-0\"  class=\"panel-grid panel-no-style\" ><div id=\"pgc-516-0-0\"  class=\"panel-grid-cell\" ><div id=\"panel-516-0-0-0\" class=\"so-panel widget widget_text panel-first-child panel-last-child\" data-index=\"0\" >\t\t\t<div class=\"textwidget\"><p>wir entwickeln mit ihnen gemeinsam ein auf ihr grundst\u00fcck zugeschnittenes bewirtschaftungskonzept.<\/p>\n<p>- grundst\u00fcckskonzept<br \/>\n- investitions- und marketingkonzept<br \/>\n- vermietungskonzept<\/p>\n<\/div>\n\t\t<\/div><\/div><div id=\"pgc-516-0-1\"  class=\"panel-grid-cell\" ><div id=\"panel-516-0-1-0\" class=\"so-panel widget widget_nav_menu panel-first-child\" data-index=\"1\" ><h3 class=\"widget-title\">leistungen_petra<\/h3><\/div><div id=\"panel-516-0-1-1\" class=\"so-panel widget widget_text panel-last-child\" data-index=\"2\" >\t\t\t<div class=\"textwidget\"><a href=\"https:\/\/schumacher-architektur.de\/wordpress\/immobilienwertermittlung\/\">zu den leistungen_g\u00f6tz<\/a><\/div>\n\t\t<\/div><\/div><\/div><div id=\"pg-516-1\"  class=\"panel-grid panel-no-style\" ><div id=\"pgc-516-1-0\"  class=\"panel-grid-cell panel-grid-cell-empty panel-grid-cell-mobile-last\" ><\/div><div id=\"pgc-516-1-1\"  class=\"panel-grid-cell panel-grid-cell-empty\" ><\/div><\/div><div id=\"pg-516-2\"  class=\"panel-grid panel-no-style\" ><div id=\"pgc-516-2-0\"  class=\"panel-grid-cell panel-grid-cell-empty panel-grid-cell-mobile-last\" ><\/div><div id=\"pgc-516-2-1\"  class=\"panel-grid-cell panel-grid-cell-empty\" ><\/div><\/div><div id=\"pg-516-3\"  class=\"panel-grid panel-no-style\" ><div id=\"pgc-516-3-0\"  class=\"panel-grid-cell panel-grid-cell-empty panel-grid-cell-mobile-last\" ><\/div><div id=\"pgc-516-3-1\"  class=\"panel-grid-cell panel-grid-cell-empty\" ><\/div><\/div><div id=\"pg-516-4\"  class=\"panel-grid panel-no-style\" ><div id=\"pgc-516-4-0\"  class=\"panel-grid-cell panel-grid-cell-empty panel-grid-cell-mobile-last\" ><\/div><div id=\"pgc-516-4-1\"  class=\"panel-grid-cell panel-grid-cell-empty\" ><\/div><\/div><div id=\"pg-516-5\"  class=\"panel-grid panel-no-style\" ><div id=\"pgc-516-5-0\"  class=\"panel-grid-cell panel-grid-cell-empty panel-grid-cell-mobile-last\" ><\/div><div id=\"pgc-516-5-1\"  class=\"panel-grid-cell panel-grid-cell-empty\" ><\/div><\/div><\/div>","protected":false},"excerpt":{"rendered":"<p>wir entwickeln mit ihnen gemeinsam ein auf ihr grundst\u00fcck zugeschnittenes bewirtschaftungskonzept. &#8211; grundst\u00fcckskonzept &#8211; investitions- und marketingkonzept &#8211; vermietungskonzept zu den leistungen_g\u00f6tz<\/p>\n","protected":false},"author":1,"featured_media":0,"parent":0,"menu_order":0,"comment_status":"closed","ping_status":"closed","template":"","meta":[],"yoast_head":"<!-- This site is optimized with the Yoast SEO plugin v20.8 - https:\/\/yoast.com\/wordpress\/plugins\/seo\/ -->\n<title>(Deutsch) projektentwicklung - schumacher architektur<\/title>\n<meta name=\"robots\" content=\"index, follow, max-snippet:-1, max-image-preview:large, max-video-preview:-1\" \/>\n<link rel=\"canonical\" href=\"https:\/\/schumacher-architektur.de\/projektentwicklung\/\" \/>\n<meta property=\"og:locale\" content=\"en_US\" \/>\n<meta property=\"og:type\" content=\"article\" \/>\n<meta property=\"og:title\" content=\"(Deutsch) projektentwicklung - schumacher architektur\" \/>\n<meta property=\"og:description\" content=\"wir entwickeln mit ihnen gemeinsam ein auf ihr grundst\u00fcck zugeschnittenes bewirtschaftungskonzept. - grundst\u00fcckskonzept - investitions- und marketingkonzept - vermietungskonzept zu den leistungen_g\u00f6tz\" \/>\n<meta property=\"og:url\" content=\"https:\/\/schumacher-architektur.de\/projektentwicklung\/\" \/>\n<meta property=\"og:site_name\" content=\"schumacher architektur\" \/>\n<meta property=\"article:modified_time\" content=\"2017-04-12T06:49:08+00:00\" \/>\n<meta name=\"twitter:card\" content=\"summary_large_image\" \/>\n<script type=\"application\/ld+json\" class=\"yoast-schema-graph\">{\"@context\":\"https:\/\/schema.org\",\"@graph\":[{\"@type\":\"WebPage\",\"@id\":\"https:\/\/schumacher-architektur.de\/projektentwicklung\/\",\"url\":\"https:\/\/schumacher-architektur.de\/projektentwicklung\/\",\"name\":\"(Deutsch) projektentwicklung - schumacher architektur\",\"isPartOf\":{\"@id\":\"\/#website\"},\"datePublished\":\"2017-04-07T11:35:42+00:00\",\"dateModified\":\"2017-04-12T06:49:08+00:00\",\"breadcrumb\":{\"@id\":\"https:\/\/schumacher-architektur.de\/projektentwicklung\/#breadcrumb\"},\"inLanguage\":\"en-US\",\"potentialAction\":[{\"@type\":\"ReadAction\",\"target\":[\"https:\/\/schumacher-architektur.de\/projektentwicklung\/\"]}]},{\"@type\":\"BreadcrumbList\",\"@id\":\"https:\/\/schumacher-architektur.de\/projektentwicklung\/#breadcrumb\",\"itemListElement\":[{\"@type\":\"ListItem\",\"position\":1,\"name\":\"Startseite\",\"item\":\"https:\/\/schumacher-architektur.de\/\"},{\"@type\":\"ListItem\",\"position\":2,\"name\":\"projektentwicklung\"}]},{\"@type\":\"WebSite\",\"@id\":\"\/#website\",\"url\":\"\/\",\"name\":\"schumacher architektur\",\"description\":\"\",\"potentialAction\":[{\"@type\":\"SearchAction\",\"target\":{\"@type\":\"EntryPoint\",\"urlTemplate\":\"\/?s={search_term_string}\"},\"query-input\":\"required name=search_term_string\"}],\"inLanguage\":\"en-US\"}]}<\/script>\n<!-- \/ Yoast SEO plugin. -->","yoast_head_json":{"title":"(Deutsch) projektentwicklung - schumacher architektur","robots":{"index":"index","follow":"follow","max-snippet":"max-snippet:-1","max-image-preview":"max-image-preview:large","max-video-preview":"max-video-preview:-1"},"canonical":"https:\/\/schumacher-architektur.de\/projektentwicklung\/","og_locale":"en_US","og_type":"article","og_title":"(Deutsch) projektentwicklung - schumacher architektur","og_description":"wir entwickeln mit ihnen gemeinsam ein auf ihr grundst\u00fcck zugeschnittenes bewirtschaftungskonzept. - grundst\u00fcckskonzept - investitions- und marketingkonzept - vermietungskonzept zu den leistungen_g\u00f6tz","og_url":"https:\/\/schumacher-architektur.de\/projektentwicklung\/","og_site_name":"schumacher architektur","article_modified_time":"2017-04-12T06:49:08+00:00","twitter_card":"summary_large_image","schema":{"@context":"https:\/\/schema.org","@graph":[{"@type":"WebPage","@id":"https:\/\/schumacher-architektur.de\/projektentwicklung\/","url":"https:\/\/schumacher-architektur.de\/projektentwicklung\/","name":"(Deutsch) projektentwicklung - schumacher architektur","isPartOf":{"@id":"\/#website"},"datePublished":"2017-04-07T11:35:42+00:00","dateModified":"2017-04-12T06:49:08+00:00","breadcrumb":{"@id":"https:\/\/schumacher-architektur.de\/projektentwicklung\/#breadcrumb"},"inLanguage":"en-US","potentialAction":[{"@type":"ReadAction","target":["https:\/\/schumacher-architektur.de\/projektentwicklung\/"]}]},{"@type":"BreadcrumbList","@id":"https:\/\/schumacher-architektur.de\/projektentwicklung\/#breadcrumb","itemListElement":[{"@type":"ListItem","position":1,"name":"Startseite","item":"https:\/\/schumacher-architektur.de\/"},{"@type":"ListItem","position":2,"name":"projektentwicklung"}]},{"@type":"WebSite","@id":"\/#website","url":"\/","name":"schumacher architektur","description":"","potentialAction":[{"@type":"SearchAction","target":{"@type":"EntryPoint","urlTemplate":"\/?s={search_term_string}"},"query-input":"required name=search_term_string"}],"inLanguage":"en-US"}]}},"_links":{"self":[{"href":"https:\/\/schumacher-architektur.de\/en\/wp-json\/wp\/v2\/pages\/516"}],"collection":[{"href":"https:\/\/schumacher-architektur.de\/en\/wp-json\/wp\/v2\/pages"}],"about":[{"href":"https:\/\/schumacher-architektur.de\/en\/wp-json\/wp\/v2\/types\/page"}],"author":[{"embeddable":true,"href":"https:\/\/schumacher-architektur.de\/en\/wp-json\/wp\/v2\/users\/1"}],"replies":[{"embeddable":true,"href":"https:\/\/schumacher-architektur.de\/en\/wp-json\/wp\/v2\/comments?post=516"}],"version-history":[{"count":6,"href":"https:\/\/schumacher-architektur.de\/en\/wp-json\/wp\/v2\/pages\/516\/revisions"}],"predecessor-version":[{"id":642,"href":"https:\/\/schumacher-architektur.de\/en\/wp-json\/wp\/v2\/pages\/516\/revisions\/642"}],"wp:attachment":[{"href":"https:\/\/schumacher-architektur.de\/en\/wp-json\/wp\/v2\/media?parent=516"}],"curies":[{"name":"wp","href":"https:\/\/api.w.org\/{rel}","templated":true}]}}