{"id":518,"date":"2017-04-07T13:36:40","date_gmt":"2017-04-07T11:36:40","guid":{"rendered":"http:\/\/schumacher-architektur.de\/wordpress\/?page_id=518"},"modified":"2017-04-12T08:48:30","modified_gmt":"2017-04-12T06:48:30","slug":"bestandsmanagement","status":"publish","type":"page","link":"https:\/\/schumacher-architektur.de\/en\/bestandsmanagement\/","title":{"rendered":"(Deutsch) bestandsmanagement"},"content":{"rendered":"<div id=\"pl-518\"  class=\"panel-layout\" ><div id=\"pg-518-0\"  class=\"panel-grid panel-no-style\" ><div id=\"pgc-518-0-0\"  class=\"panel-grid-cell\" ><div id=\"panel-518-0-0-0\" class=\"so-panel widget widget_text panel-first-child panel-last-child\" data-index=\"0\" >\t\t\t<div class=\"textwidget\"><p>_technisches bestandsmanagement_<\/p>\n<p>- koordination der planung und ausf\u00fchrung von modernisierungs- und energieeinsparma\u00dfnahmen<br \/>\n- ausschreibung und vergabe von instandsetzungsma\u00dfnahmen\/ reparaturen<br \/>\n- termin-, kosten- und qualit\u00e4tsmanagement<\/p>\n<p>_miet- und immobilienverwaltung_<\/p>\n<p>- vermietungsmarketing<br \/>\n- vermietungsmanagement<br \/>\n- betriebs- und nebenkostenabrechnung<\/p>\n<\/div>\n\t\t<\/div><\/div><div id=\"pgc-518-0-1\"  class=\"panel-grid-cell\" ><div id=\"panel-518-0-1-0\" class=\"so-panel widget widget_nav_menu panel-first-child\" data-index=\"1\" ><h3 class=\"widget-title\">leistungen_petra<\/h3><\/div><div id=\"panel-518-0-1-1\" class=\"so-panel widget widget_text panel-last-child\" data-index=\"2\" >\t\t\t<div class=\"textwidget\"><a href=\"https:\/\/schumacher-architektur.de\/wordpress\/immobilienwertermittlung\/\">zu den leistungen_g\u00f6tz<\/a><\/div>\n\t\t<\/div><\/div><\/div><div id=\"pg-518-1\"  class=\"panel-grid panel-no-style\" ><div id=\"pgc-518-1-0\"  class=\"panel-grid-cell panel-grid-cell-empty panel-grid-cell-mobile-last\" ><\/div><div id=\"pgc-518-1-1\"  class=\"panel-grid-cell panel-grid-cell-empty\" ><\/div><\/div><div id=\"pg-518-2\"  class=\"panel-grid panel-no-style\" ><div id=\"pgc-518-2-0\"  class=\"panel-grid-cell panel-grid-cell-empty panel-grid-cell-mobile-last\" ><\/div><div id=\"pgc-518-2-1\"  class=\"panel-grid-cell panel-grid-cell-empty\" ><\/div><\/div><div id=\"pg-518-3\"  class=\"panel-grid panel-no-style\" ><div id=\"pgc-518-3-0\"  class=\"panel-grid-cell panel-grid-cell-empty panel-grid-cell-mobile-last\" ><\/div><div id=\"pgc-518-3-1\"  class=\"panel-grid-cell panel-grid-cell-empty\" ><\/div><\/div><div id=\"pg-518-4\"  class=\"panel-grid panel-no-style\" ><div id=\"pgc-518-4-0\"  class=\"panel-grid-cell panel-grid-cell-empty panel-grid-cell-mobile-last\" ><\/div><div id=\"pgc-518-4-1\"  class=\"panel-grid-cell panel-grid-cell-empty\" ><\/div><\/div><\/div>","protected":false},"excerpt":{"rendered":"<p>_technisches bestandsmanagement_ &#8211; koordination der planung und ausf\u00fchrung von modernisierungs- und energieeinsparma\u00dfnahmen &#8211; ausschreibung und vergabe von instandsetzungsma\u00dfnahmen\/ reparaturen &#8211; termin-, kosten- und qualit\u00e4tsmanagement _miet- und immobilienverwaltung_ &#8211; vermietungsmarketing &#8211; vermietungsmanagement &#8211; betriebs- und nebenkostenabrechnung zu den leistungen_g\u00f6tz<\/p>\n","protected":false},"author":1,"featured_media":0,"parent":0,"menu_order":0,"comment_status":"closed","ping_status":"closed","template":"","meta":[],"yoast_head":"<!-- This site is optimized with the Yoast SEO plugin v20.8 - https:\/\/yoast.com\/wordpress\/plugins\/seo\/ -->\n<title>(Deutsch) bestandsmanagement - schumacher architektur<\/title>\n<meta name=\"robots\" content=\"index, follow, max-snippet:-1, max-image-preview:large, max-video-preview:-1\" \/>\n<link rel=\"canonical\" href=\"https:\/\/schumacher-architektur.de\/bestandsmanagement\/\" \/>\n<meta property=\"og:locale\" content=\"en_US\" \/>\n<meta property=\"og:type\" content=\"article\" \/>\n<meta property=\"og:title\" content=\"(Deutsch) bestandsmanagement - schumacher architektur\" \/>\n<meta property=\"og:description\" content=\"_technisches bestandsmanagement_ - koordination der planung und ausf\u00fchrung von modernisierungs- und energieeinsparma\u00dfnahmen - ausschreibung und vergabe von instandsetzungsma\u00dfnahmen\/ reparaturen - termin-, kosten- und qualit\u00e4tsmanagement _miet- und immobilienverwaltung_ - vermietungsmarketing - vermietungsmanagement - betriebs- und nebenkostenabrechnung zu den leistungen_g\u00f6tz\" \/>\n<meta property=\"og:url\" content=\"https:\/\/schumacher-architektur.de\/bestandsmanagement\/\" \/>\n<meta property=\"og:site_name\" content=\"schumacher architektur\" \/>\n<meta property=\"article:modified_time\" content=\"2017-04-12T06:48:30+00:00\" \/>\n<meta name=\"twitter:card\" content=\"summary_large_image\" \/>\n<script type=\"application\/ld+json\" class=\"yoast-schema-graph\">{\"@context\":\"https:\/\/schema.org\",\"@graph\":[{\"@type\":\"WebPage\",\"@id\":\"https:\/\/schumacher-architektur.de\/bestandsmanagement\/\",\"url\":\"https:\/\/schumacher-architektur.de\/bestandsmanagement\/\",\"name\":\"(Deutsch) bestandsmanagement - schumacher architektur\",\"isPartOf\":{\"@id\":\"\/#website\"},\"datePublished\":\"2017-04-07T11:36:40+00:00\",\"dateModified\":\"2017-04-12T06:48:30+00:00\",\"breadcrumb\":{\"@id\":\"https:\/\/schumacher-architektur.de\/bestandsmanagement\/#breadcrumb\"},\"inLanguage\":\"en-US\",\"potentialAction\":[{\"@type\":\"ReadAction\",\"target\":[\"https:\/\/schumacher-architektur.de\/bestandsmanagement\/\"]}]},{\"@type\":\"BreadcrumbList\",\"@id\":\"https:\/\/schumacher-architektur.de\/bestandsmanagement\/#breadcrumb\",\"itemListElement\":[{\"@type\":\"ListItem\",\"position\":1,\"name\":\"Startseite\",\"item\":\"https:\/\/schumacher-architektur.de\/\"},{\"@type\":\"ListItem\",\"position\":2,\"name\":\"bestandsmanagement\"}]},{\"@type\":\"WebSite\",\"@id\":\"\/#website\",\"url\":\"\/\",\"name\":\"schumacher architektur\",\"description\":\"\",\"potentialAction\":[{\"@type\":\"SearchAction\",\"target\":{\"@type\":\"EntryPoint\",\"urlTemplate\":\"\/?s={search_term_string}\"},\"query-input\":\"required name=search_term_string\"}],\"inLanguage\":\"en-US\"}]}<\/script>\n<!-- \/ Yoast SEO plugin. -->","yoast_head_json":{"title":"(Deutsch) bestandsmanagement - schumacher architektur","robots":{"index":"index","follow":"follow","max-snippet":"max-snippet:-1","max-image-preview":"max-image-preview:large","max-video-preview":"max-video-preview:-1"},"canonical":"https:\/\/schumacher-architektur.de\/bestandsmanagement\/","og_locale":"en_US","og_type":"article","og_title":"(Deutsch) bestandsmanagement - schumacher architektur","og_description":"_technisches bestandsmanagement_ - koordination der planung und ausf\u00fchrung von modernisierungs- und energieeinsparma\u00dfnahmen - ausschreibung und vergabe von instandsetzungsma\u00dfnahmen\/ reparaturen - termin-, kosten- und qualit\u00e4tsmanagement _miet- und immobilienverwaltung_ - vermietungsmarketing - vermietungsmanagement - betriebs- und nebenkostenabrechnung zu den leistungen_g\u00f6tz","og_url":"https:\/\/schumacher-architektur.de\/bestandsmanagement\/","og_site_name":"schumacher architektur","article_modified_time":"2017-04-12T06:48:30+00:00","twitter_card":"summary_large_image","schema":{"@context":"https:\/\/schema.org","@graph":[{"@type":"WebPage","@id":"https:\/\/schumacher-architektur.de\/bestandsmanagement\/","url":"https:\/\/schumacher-architektur.de\/bestandsmanagement\/","name":"(Deutsch) bestandsmanagement - schumacher architektur","isPartOf":{"@id":"\/#website"},"datePublished":"2017-04-07T11:36:40+00:00","dateModified":"2017-04-12T06:48:30+00:00","breadcrumb":{"@id":"https:\/\/schumacher-architektur.de\/bestandsmanagement\/#breadcrumb"},"inLanguage":"en-US","potentialAction":[{"@type":"ReadAction","target":["https:\/\/schumacher-architektur.de\/bestandsmanagement\/"]}]},{"@type":"BreadcrumbList","@id":"https:\/\/schumacher-architektur.de\/bestandsmanagement\/#breadcrumb","itemListElement":[{"@type":"ListItem","position":1,"name":"Startseite","item":"https:\/\/schumacher-architektur.de\/"},{"@type":"ListItem","position":2,"name":"bestandsmanagement"}]},{"@type":"WebSite","@id":"\/#website","url":"\/","name":"schumacher architektur","description":"","potentialAction":[{"@type":"SearchAction","target":{"@type":"EntryPoint","urlTemplate":"\/?s={search_term_string}"},"query-input":"required name=search_term_string"}],"inLanguage":"en-US"}]}},"_links":{"self":[{"href":"https:\/\/schumacher-architektur.de\/en\/wp-json\/wp\/v2\/pages\/518"}],"collection":[{"href":"https:\/\/schumacher-architektur.de\/en\/wp-json\/wp\/v2\/pages"}],"about":[{"href":"https:\/\/schumacher-architektur.de\/en\/wp-json\/wp\/v2\/types\/page"}],"author":[{"embeddable":true,"href":"https:\/\/schumacher-architektur.de\/en\/wp-json\/wp\/v2\/users\/1"}],"replies":[{"embeddable":true,"href":"https:\/\/schumacher-architektur.de\/en\/wp-json\/wp\/v2\/comments?post=518"}],"version-history":[{"count":9,"href":"https:\/\/schumacher-architektur.de\/en\/wp-json\/wp\/v2\/pages\/518\/revisions"}],"predecessor-version":[{"id":636,"href":"https:\/\/schumacher-architektur.de\/en\/wp-json\/wp\/v2\/pages\/518\/revisions\/636"}],"wp:attachment":[{"href":"https:\/\/schumacher-architektur.de\/en\/wp-json\/wp\/v2\/media?parent=518"}],"curies":[{"name":"wp","href":"https:\/\/api.w.org\/{rel}","templated":true}]}}